{"id":319,"date":"2020-02-18T10:14:06","date_gmt":"2020-02-18T07:14:06","guid":{"rendered":"http:\/\/bizix.premiumthemes.in\/?page_id=319"},"modified":"2023-08-11T18:32:47","modified_gmt":"2023-08-11T15:32:47","slug":"hizmetler","status":"publish","type":"page","link":"https:\/\/cartruck.com.tr\/index.php\/hizmetler\/","title":{"rendered":"Hizmetler"},"content":{"rendered":"\t\t<div data-elementor-type=\"wp-page\" data-elementor-id=\"319\" class=\"elementor elementor-319\">\n\t\t\t\t\t\t\t\t\t<section class=\"elementor-section elementor-top-section elementor-element elementor-element-a45b8f3 elementor-section-stretched elementor-section-boxed elementor-section-height-default elementor-section-height-default\" data-id=\"a45b8f3\" data-element_type=\"section\" data-settings=\"{&quot;stretch_section&quot;:&quot;section-stretched&quot;}\">\n\t\t\t\t\t\t<div class=\"elementor-container elementor-column-gap-no\">\n\t\t\t\t\t<div class=\"elementor-column elementor-col-100 elementor-top-column elementor-element elementor-element-97dcc6d\" data-id=\"97dcc6d\" data-element_type=\"column\">\n\t\t\t<div class=\"elementor-widget-wrap elementor-element-populated\">\n\t\t\t\t\t\t\t\t<div class=\"elementor-element elementor-element-6c35efe4 elementor-grid-3 elementor-grid-tablet-2 elementor-grid-mobile-1 elementor-widget elementor-widget-gyan_services_full_text\" data-id=\"6c35efe4\" data-element_type=\"widget\" data-settings=\"{&quot;columns&quot;:&quot;3&quot;,&quot;columns_tablet&quot;:&quot;2&quot;,&quot;columns_mobile&quot;:&quot;1&quot;}\" data-widget_type=\"gyan_services_full_text.default\">\n\t\t\t\t<div class=\"elementor-widget-container\">\n\t\t\t\n\t\t<div class=\"gyan-services-full-container gyan-services-full-container-6c35efe4\" data-layout=\"grid\" data-rtl=\"false\">\n\n\t\t\t<div class=\"gyan-services-full-items gyan-elementor-grid\">\n\n\t\t\t\t\n\t\t\t\t\t<div class=\"gyan-service-full-item gyan-grid-item-wrap\">\n\t\t\t\t\t\t<div class=\"gyan-services-full gyan-grid-item gyan-ease-transition\">\n\t\t\t\t\t\t\t<div class=\"gyan-services-full-img\"><a ><img loading=\"lazy\" width=\"1000\" height=\"900\" src=\"https:\/\/cartruck.com.tr\/wp-content\/uploads\/2020\/02\/Adsiz-tasarim-2.png\" class=\"attachment-full size-full\" alt=\"\" decoding=\"async\" srcset=\"https:\/\/cartruck.com.tr\/wp-content\/uploads\/2020\/02\/Adsiz-tasarim-2.png 1000w, https:\/\/cartruck.com.tr\/wp-content\/uploads\/2020\/02\/Adsiz-tasarim-2-300x270.png 300w, https:\/\/cartruck.com.tr\/wp-content\/uploads\/2020\/02\/Adsiz-tasarim-2-768x691.png 768w\" sizes=\"(max-width: 1000px) 100vw, 1000px\" \/><\/a><\/div><div class=\"gyan-services-full-content\"><div class=\"gyan-services-full-icon-wrap\"><div class=\"gyan-services-full-icon gyan-icon\"><img loading=\"lazy\" width=\"50\" height=\"50\" src=\"https:\/\/cartruck.com.tr\/wp-content\/uploads\/2020\/02\/icon-chat.png\" class=\"attachment-full size-full\" alt=\"\" decoding=\"async\" \/><\/div><\/div><div class=\"gyan-services-full-title-desc\"><h6 class=\"gyan-services-full-title\"><span >Ford Cargo ar\u0131za Tespit Cihaz\u0131<\/span><\/h6><div class=\"gyan-services-full-desc\">Ford Cargo sistemleri i\u00e7in \u00fcretilmi\u015f olan bu cihaz Ford yetkili servislerin kulland\u0131\u011f\u0131 FODP, ODP2, ODPLite, FODP2 ve EDS yaz\u0131l\u0131mlar\u0131n\u0131 desteklemektedir.<\/div><\/div><\/div>\t\t\t\t\t\t<\/div>\n\t\t\t\t\t\t<div class=\"clear\"><\/div>\n\t\t\t\t\t<\/div>\n\n\t\t\t\t \n\t\t\t\t\t<div class=\"gyan-service-full-item gyan-grid-item-wrap\">\n\t\t\t\t\t\t<div class=\"gyan-services-full gyan-grid-item gyan-ease-transition\">\n\t\t\t\t\t\t\t<div class=\"gyan-services-full-img\"><a ><img loading=\"lazy\" width=\"1000\" height=\"900\" src=\"https:\/\/cartruck.com.tr\/wp-content\/uploads\/2020\/02\/Adsiz-tasarim-1.png\" class=\"attachment-full size-full\" alt=\"\" decoding=\"async\" srcset=\"https:\/\/cartruck.com.tr\/wp-content\/uploads\/2020\/02\/Adsiz-tasarim-1.png 1000w, https:\/\/cartruck.com.tr\/wp-content\/uploads\/2020\/02\/Adsiz-tasarim-1-300x270.png 300w, https:\/\/cartruck.com.tr\/wp-content\/uploads\/2020\/02\/Adsiz-tasarim-1-768x691.png 768w\" sizes=\"(max-width: 1000px) 100vw, 1000px\" \/><\/a><\/div><div class=\"gyan-services-full-content\"><div class=\"gyan-services-full-icon-wrap\"><div class=\"gyan-services-full-icon gyan-icon\"><img loading=\"lazy\" width=\"50\" height=\"50\" src=\"https:\/\/cartruck.com.tr\/wp-content\/uploads\/2020\/02\/icon-video.png\" class=\"attachment-full size-full\" alt=\"\" decoding=\"async\" \/><\/div><\/div><div class=\"gyan-services-full-title-desc\"><h6 class=\"gyan-services-full-title\"><span >Mercedes Ar\u0131za Tespit Cihaz\u0131<\/span><\/h6><div class=\"gyan-services-full-desc\">Mercedes Ar\u0131za Tespit Cihaz\u0131 C5 ; T\u00fcm Mercedes Elektronik kontrol mod\u00fcll\u00fc Euro 5 , Euro 6 Ara\u00e7larda kullan\u0131lan en iyi ar\u0131za tespit cihaz\u0131d\u0131r.<\/div><\/div><\/div>\t\t\t\t\t\t<\/div>\n\t\t\t\t\t\t<div class=\"clear\"><\/div>\n\t\t\t\t\t<\/div>\n\n\t\t\t\t \n\t\t\t\t\t<div class=\"gyan-service-full-item gyan-grid-item-wrap\">\n\t\t\t\t\t\t<div class=\"gyan-services-full gyan-grid-item gyan-ease-transition\">\n\t\t\t\t\t\t\t<div class=\"gyan-services-full-img\"><a ><img loading=\"lazy\" width=\"1000\" height=\"900\" src=\"https:\/\/cartruck.com.tr\/wp-content\/uploads\/2020\/02\/Adsiz-tasarim.png\" class=\"attachment-full size-full\" alt=\"\" decoding=\"async\" srcset=\"https:\/\/cartruck.com.tr\/wp-content\/uploads\/2020\/02\/Adsiz-tasarim.png 1000w, https:\/\/cartruck.com.tr\/wp-content\/uploads\/2020\/02\/Adsiz-tasarim-300x270.png 300w, https:\/\/cartruck.com.tr\/wp-content\/uploads\/2020\/02\/Adsiz-tasarim-768x691.png 768w\" sizes=\"(max-width: 1000px) 100vw, 1000px\" \/><\/a><\/div><div class=\"gyan-services-full-content\"><div class=\"gyan-services-full-icon-wrap\"><div class=\"gyan-services-full-icon gyan-icon\"><img loading=\"lazy\" width=\"50\" height=\"50\" src=\"https:\/\/cartruck.com.tr\/wp-content\/uploads\/2020\/02\/icon-bulb.png\" class=\"attachment-full size-full\" alt=\"\" decoding=\"async\" \/><\/div><\/div><div class=\"gyan-services-full-title-desc\"><h6 class=\"gyan-services-full-title\"><span >Man T200 Ar\u0131za Tespit Cihaz\u0131<\/span><\/h6><div class=\"gyan-services-full-desc\">MARIN BA\u011eLANTI KABLOSU OPS\u0130YONELD\u0130R!! T200 MAN' \u0131n yeni nesil ar\u0131za tespit sistemidir. MAN \u00fcretimi Kamyon, otob\u00fcs ve di\u011fer t\u00fcm a\u011f\u0131r vas\u0131talar\u0131 desteklemektedir.<\/div><\/div><\/div>\t\t\t\t\t\t<\/div>\n\t\t\t\t\t\t<div class=\"clear\"><\/div>\n\t\t\t\t\t<\/div>\n\n\t\t\t\t \n\t\t\t\t\t<div class=\"gyan-service-full-item gyan-grid-item-wrap\">\n\t\t\t\t\t\t<div class=\"gyan-services-full gyan-grid-item gyan-ease-transition\">\n\t\t\t\t\t\t\t<div class=\"gyan-services-full-img\"><a ><img loading=\"lazy\" width=\"1000\" height=\"900\" src=\"https:\/\/cartruck.com.tr\/wp-content\/uploads\/2023\/08\/Adsiz-tasarim-13.png\" class=\"attachment-full size-full\" alt=\"\" decoding=\"async\" srcset=\"https:\/\/cartruck.com.tr\/wp-content\/uploads\/2023\/08\/Adsiz-tasarim-13.png 1000w, https:\/\/cartruck.com.tr\/wp-content\/uploads\/2023\/08\/Adsiz-tasarim-13-300x270.png 300w, https:\/\/cartruck.com.tr\/wp-content\/uploads\/2023\/08\/Adsiz-tasarim-13-768x691.png 768w\" sizes=\"(max-width: 1000px) 100vw, 1000px\" \/><\/a><\/div><div class=\"gyan-services-full-content\"><div class=\"gyan-services-full-icon-wrap\"><div class=\"gyan-services-full-icon gyan-icon\"><img loading=\"lazy\" width=\"50\" height=\"50\" src=\"https:\/\/cartruck.com.tr\/wp-content\/uploads\/2020\/02\/icon-megaphone.png\" class=\"attachment-full size-full\" alt=\"\" decoding=\"async\" \/><\/div><\/div><div class=\"gyan-services-full-title-desc\"><h6 class=\"gyan-services-full-title\"><span >Launch Ar\u0131za Tespit Cihaz\u0131<\/span><\/h6><div class=\"gyan-services-full-desc\">Launch X431 PRO 4, ara\u00e7 \u00fczerinde geni\u015f kapsaml\u0131 ar\u0131za tespiti, yapabilece\u011finiz tam profesyonel bir ar\u0131za tespit cihaz\u0131d\u0131r.<\/div><\/div><\/div>\t\t\t\t\t\t<\/div>\n\t\t\t\t\t\t<div class=\"clear\"><\/div>\n\t\t\t\t\t<\/div>\n\n\t\t\t\t \n\t\t\t\t\t<div class=\"gyan-service-full-item gyan-grid-item-wrap\">\n\t\t\t\t\t\t<div class=\"gyan-services-full gyan-grid-item gyan-ease-transition\">\n\t\t\t\t\t\t\t<div class=\"gyan-services-full-img\"><a ><img loading=\"lazy\" width=\"1000\" height=\"900\" src=\"https:\/\/cartruck.com.tr\/wp-content\/uploads\/2023\/08\/Adsiz-tasarim-14.png\" class=\"attachment-full size-full\" alt=\"\" decoding=\"async\" srcset=\"https:\/\/cartruck.com.tr\/wp-content\/uploads\/2023\/08\/Adsiz-tasarim-14.png 1000w, https:\/\/cartruck.com.tr\/wp-content\/uploads\/2023\/08\/Adsiz-tasarim-14-300x270.png 300w, https:\/\/cartruck.com.tr\/wp-content\/uploads\/2023\/08\/Adsiz-tasarim-14-768x691.png 768w\" sizes=\"(max-width: 1000px) 100vw, 1000px\" \/><\/a><\/div><div class=\"gyan-services-full-content\"><div class=\"gyan-services-full-icon-wrap\"><div class=\"gyan-services-full-icon gyan-icon\"><img loading=\"lazy\" width=\"50\" height=\"50\" src=\"https:\/\/cartruck.com.tr\/wp-content\/uploads\/2020\/02\/icon-alarm-clock.png\" class=\"attachment-full size-full\" alt=\"\" decoding=\"async\" \/><\/div><\/div><div class=\"gyan-services-full-title-desc\"><h6 class=\"gyan-services-full-title\"><span >Scania Ar\u0131za Tespit Cihaz\u0131<\/span><\/h6><div class=\"gyan-services-full-desc\">Scania VCi 3 Ar\u0131za Tespit Cihaz\u0131, Yetkili servisin kulland\u0131\u011f\u0131 Scania marka ara\u00e7larda Ar\u0131za Tespit yapabilmeniz i\u00e7in imal edilmi\u015f bir Ar\u0131za Tespit Cihaz\u0131d\u0131r<\/div><\/div><\/div>\t\t\t\t\t\t<\/div>\n\t\t\t\t\t\t<div class=\"clear\"><\/div>\n\t\t\t\t\t<\/div>\n\n\t\t\t\t \n\t\t\t\t\t<div class=\"gyan-service-full-item gyan-grid-item-wrap\">\n\t\t\t\t\t\t<div class=\"gyan-services-full gyan-grid-item gyan-ease-transition\">\n\t\t\t\t\t\t\t<div class=\"gyan-services-full-img\"><a ><img loading=\"lazy\" width=\"1000\" height=\"900\" src=\"https:\/\/cartruck.com.tr\/wp-content\/uploads\/2023\/08\/Scania-VCi-3-Ariza-Tespit-Cihazi-Yetkili-servisin-kullandigi-Scania-marka-araclarda-Ariza-Tespit-yapabilmeniz-icin-imal-edilmis-bir-Ariza-Tespit-Cihazidir.png\" class=\"attachment-full size-full\" alt=\"\" decoding=\"async\" srcset=\"https:\/\/cartruck.com.tr\/wp-content\/uploads\/2023\/08\/Scania-VCi-3-Ariza-Tespit-Cihazi-Yetkili-servisin-kullandigi-Scania-marka-araclarda-Ariza-Tespit-yapabilmeniz-icin-imal-edilmis-bir-Ariza-Tespit-Cihazidir.png 1000w, https:\/\/cartruck.com.tr\/wp-content\/uploads\/2023\/08\/Scania-VCi-3-Ariza-Tespit-Cihazi-Yetkili-servisin-kullandigi-Scania-marka-araclarda-Ariza-Tespit-yapabilmeniz-icin-imal-edilmis-bir-Ariza-Tespit-Cihazidir-300x270.png 300w, https:\/\/cartruck.com.tr\/wp-content\/uploads\/2023\/08\/Scania-VCi-3-Ariza-Tespit-Cihazi-Yetkili-servisin-kullandigi-Scania-marka-araclarda-Ariza-Tespit-yapabilmeniz-icin-imal-edilmis-bir-Ariza-Tespit-Cihazidir-768x691.png 768w\" sizes=\"(max-width: 1000px) 100vw, 1000px\" \/><\/a><\/div><div class=\"gyan-services-full-content\"><div class=\"gyan-services-full-icon-wrap\"><div class=\"gyan-services-full-icon gyan-icon\"><img loading=\"lazy\" width=\"50\" height=\"50\" src=\"https:\/\/cartruck.com.tr\/wp-content\/uploads\/2020\/02\/icon-bell.png\" class=\"attachment-full size-full\" alt=\"\" decoding=\"async\" \/><\/div><\/div><div class=\"gyan-services-full-title-desc\"><h6 class=\"gyan-services-full-title\"><span >Volvo Vocom Ar\u0131za Tespit Cihaz\u0131<\/span><\/h6><div class=\"gyan-services-full-desc\">Volvo Vocom ar\u0131za tespit cihaz\u0131, Volvo ve Renault A\u011f\u0131r vas\u0131ta ara\u00e7lar i\u00e7in tam yetki ile eri\u015fim sa\u011flamas\u0131 amac\u0131 ile \u00fcretilmi\u015f bir ar\u0131za tespit cihazd\u0131r.<\/div><\/div><\/div>\t\t\t\t\t\t<\/div>\n\t\t\t\t\t\t<div class=\"clear\"><\/div>\n\t\t\t\t\t<\/div>\n\n\t\t\t\t \n\t\t\t\t\t<div class=\"gyan-service-full-item gyan-grid-item-wrap\">\n\t\t\t\t\t\t<div class=\"gyan-services-full gyan-grid-item gyan-ease-transition\">\n\t\t\t\t\t\t\t<div class=\"gyan-services-full-img\"><a ><img loading=\"lazy\" width=\"1000\" height=\"900\" src=\"https:\/\/cartruck.com.tr\/wp-content\/uploads\/2023\/08\/Scania-VCi-3-Ariza-Tespit-Cihazi-Yetkili-servisin-kullandigi-Scania-marka-araclarda-Ariza-Tespit-yapabilmeniz-icin-imal-edilmis-bir-Ariza-Tespit-Cihazidir-1.png\" class=\"attachment-full size-full\" alt=\"\" decoding=\"async\" srcset=\"https:\/\/cartruck.com.tr\/wp-content\/uploads\/2023\/08\/Scania-VCi-3-Ariza-Tespit-Cihazi-Yetkili-servisin-kullandigi-Scania-marka-araclarda-Ariza-Tespit-yapabilmeniz-icin-imal-edilmis-bir-Ariza-Tespit-Cihazidir-1.png 1000w, https:\/\/cartruck.com.tr\/wp-content\/uploads\/2023\/08\/Scania-VCi-3-Ariza-Tespit-Cihazi-Yetkili-servisin-kullandigi-Scania-marka-araclarda-Ariza-Tespit-yapabilmeniz-icin-imal-edilmis-bir-Ariza-Tespit-Cihazidir-1-300x270.png 300w, https:\/\/cartruck.com.tr\/wp-content\/uploads\/2023\/08\/Scania-VCi-3-Ariza-Tespit-Cihazi-Yetkili-servisin-kullandigi-Scania-marka-araclarda-Ariza-Tespit-yapabilmeniz-icin-imal-edilmis-bir-Ariza-Tespit-Cihazidir-1-768x691.png 768w\" sizes=\"(max-width: 1000px) 100vw, 1000px\" \/><\/a><\/div><div class=\"gyan-services-full-content\"><div class=\"gyan-services-full-icon-wrap\"><div class=\"gyan-services-full-icon gyan-icon\"><img loading=\"lazy\" width=\"50\" height=\"50\" src=\"https:\/\/cartruck.com.tr\/wp-content\/uploads\/2020\/02\/icon-bell.png\" class=\"attachment-full size-full\" alt=\"\" decoding=\"async\" \/><\/div><\/div><div class=\"gyan-services-full-title-desc\"><h6 class=\"gyan-services-full-title\"><span >Autocom Ar\u0131za Tespit Cihaz\u0131<\/span><\/h6><div class=\"gyan-services-full-desc\">Autocom CDP+ Universal Ar\u0131za Tespit Cihaz\u0131, Pisayadaki bir \u00e7ok ara\u00e7 modelinde Ar\u0131za Tespit yapabilmeniz i\u00e7in imal edilmi\u015f universal bir obd2 cihaz\u0131d\u0131r.<\/div><\/div><\/div>\t\t\t\t\t\t<\/div>\n\t\t\t\t\t\t<div class=\"clear\"><\/div>\n\t\t\t\t\t<\/div>\n\n\t\t\t\t \n\t\t\t\t\t<div class=\"gyan-service-full-item gyan-grid-item-wrap\">\n\t\t\t\t\t\t<div class=\"gyan-services-full gyan-grid-item gyan-ease-transition\">\n\t\t\t\t\t\t\t<div class=\"gyan-services-full-img\"><a ><img loading=\"lazy\" width=\"1000\" height=\"900\" src=\"https:\/\/cartruck.com.tr\/wp-content\/uploads\/2023\/08\/1.png\" class=\"attachment-full size-full\" alt=\"\" decoding=\"async\" srcset=\"https:\/\/cartruck.com.tr\/wp-content\/uploads\/2023\/08\/1.png 1000w, https:\/\/cartruck.com.tr\/wp-content\/uploads\/2023\/08\/1-300x270.png 300w, https:\/\/cartruck.com.tr\/wp-content\/uploads\/2023\/08\/1-768x691.png 768w\" sizes=\"(max-width: 1000px) 100vw, 1000px\" \/><\/a><\/div><div class=\"gyan-services-full-content\"><div class=\"gyan-services-full-icon-wrap\"><div class=\"gyan-services-full-icon gyan-icon\"><img loading=\"lazy\" width=\"50\" height=\"50\" src=\"https:\/\/cartruck.com.tr\/wp-content\/uploads\/2020\/02\/icon-bell.png\" class=\"attachment-full size-full\" alt=\"\" decoding=\"async\" \/><\/div><\/div><div class=\"gyan-services-full-title-desc\"><h6 class=\"gyan-services-full-title\"><span >Iveco Ar\u0131za Tespit Cihaz\u0131<\/span><\/h6><div class=\"gyan-services-full-desc\">Iveco ELTRAC EASY ar\u0131za tespit cihaz\u0131 Iveco motoru kullanan ticari, a\u011f\u0131r vas\u0131ta ve kamyon grubu ara\u00e7larda diagnostik i\u015flemlerini ger\u00e7ekle\u015ftirebilece\u011finiz ...<\/div><\/div><\/div>\t\t\t\t\t\t<\/div>\n\t\t\t\t\t\t<div class=\"clear\"><\/div>\n\t\t\t\t\t<\/div>\n\n\t\t\t\t \n\t\t\t\t\t<div class=\"gyan-service-full-item gyan-grid-item-wrap\">\n\t\t\t\t\t\t<div class=\"gyan-services-full gyan-grid-item gyan-ease-transition\">\n\t\t\t\t\t\t\t<div class=\"gyan-services-full-img\"><a ><img loading=\"lazy\" width=\"1000\" height=\"900\" src=\"https:\/\/cartruck.com.tr\/wp-content\/uploads\/2023\/08\/Scania-VCi-3-Ariza-Tespit-Cihazi-Yetkili-servisin-kullandigi-Scania-marka-araclarda-Ariza-Tespit-yapabilmeniz-icin-imal-edilmis-bir-Ariza-Tespit-Cihazidir-2.png\" class=\"attachment-full size-full\" alt=\"\" decoding=\"async\" srcset=\"https:\/\/cartruck.com.tr\/wp-content\/uploads\/2023\/08\/Scania-VCi-3-Ariza-Tespit-Cihazi-Yetkili-servisin-kullandigi-Scania-marka-araclarda-Ariza-Tespit-yapabilmeniz-icin-imal-edilmis-bir-Ariza-Tespit-Cihazidir-2.png 1000w, https:\/\/cartruck.com.tr\/wp-content\/uploads\/2023\/08\/Scania-VCi-3-Ariza-Tespit-Cihazi-Yetkili-servisin-kullandigi-Scania-marka-araclarda-Ariza-Tespit-yapabilmeniz-icin-imal-edilmis-bir-Ariza-Tespit-Cihazidir-2-300x270.png 300w, https:\/\/cartruck.com.tr\/wp-content\/uploads\/2023\/08\/Scania-VCi-3-Ariza-Tespit-Cihazi-Yetkili-servisin-kullandigi-Scania-marka-araclarda-Ariza-Tespit-yapabilmeniz-icin-imal-edilmis-bir-Ariza-Tespit-Cihazidir-2-768x691.png 768w\" sizes=\"(max-width: 1000px) 100vw, 1000px\" \/><\/a><\/div><div class=\"gyan-services-full-content\"><div class=\"gyan-services-full-icon-wrap\"><div class=\"gyan-services-full-icon gyan-icon\"><img loading=\"lazy\" width=\"50\" height=\"50\" src=\"https:\/\/cartruck.com.tr\/wp-content\/uploads\/2020\/02\/icon-bell.png\" class=\"attachment-full size-full\" alt=\"\" decoding=\"async\" \/><\/div><\/div><div class=\"gyan-services-full-title-desc\"><h6 class=\"gyan-services-full-title\"><span >Daf Ar\u0131za Tespit Cihaz\u0131<\/span><\/h6><div class=\"gyan-services-full-desc\">.Daf VCI-560 Ar\u0131za Tespit Cihaz\u0131, Yetkili servisin kulland\u0131\u011f\u0131 PACCAR motorlu DAF marka ara\u00e7larda Ar\u0131za Tespit yapabilmeniz i\u00e7in imal edilmi\u015f bir cihaz\u0131d\u0131r.<\/div><\/div><\/div>\t\t\t\t\t\t<\/div>\n\t\t\t\t\t\t<div class=\"clear\"><\/div>\n\t\t\t\t\t<\/div>\n\n\t\t\t\t \n\t\t\t <\/div> <!-- gyan-services-full-items -->\n\t\t\t <div class=\"clear\"><\/div>\n\n\t\t<\/div>\n\n\t\t\t<\/div>\n\t\t\t\t<\/div>\n\t\t\t\t\t<\/div>\n\t\t<\/div>\n\t\t\t\t\t\t\t<\/div>\n\t\t<\/section>\n\t\t\t\t\t\t\t<\/div>\n\t\t","protected":false},"excerpt":{"rendered":"<p>Ford Cargo ar\u0131za Tespit Cihaz\u0131 Ford Cargo sistemleri i\u00e7in \u00fcretilmi\u015f olan bu cihaz Ford yetkili servislerin kulland\u0131\u011f\u0131 FODP, ODP2, ODPLite, FODP2 ve EDS yaz\u0131l\u0131mlar\u0131n\u0131 desteklemektedir. Mercedes Ar\u0131za Tespit Cihaz\u0131 Mercedes Ar\u0131za Tespit Cihaz\u0131 C5 ; T\u00fcm Mercedes Elektronik kontrol mod\u00fcll\u00fc Euro 5 , Euro 6 Ara\u00e7larda kullan\u0131lan en iyi ar\u0131za [&hellip;]<\/p>\n","protected":false},"author":1,"featured_media":0,"parent":0,"menu_order":0,"comment_status":"closed","ping_status":"closed","template":"elementor_header_footer","meta":{"footnotes":""},"_links":{"self":[{"href":"https:\/\/cartruck.com.tr\/index.php\/wp-json\/wp\/v2\/pages\/319"}],"collection":[{"href":"https:\/\/cartruck.com.tr\/index.php\/wp-json\/wp\/v2\/pages"}],"about":[{"href":"https:\/\/cartruck.com.tr\/index.php\/wp-json\/wp\/v2\/types\/page"}],"author":[{"embeddable":true,"href":"https:\/\/cartruck.com.tr\/index.php\/wp-json\/wp\/v2\/users\/1"}],"replies":[{"embeddable":true,"href":"https:\/\/cartruck.com.tr\/index.php\/wp-json\/wp\/v2\/comments?post=319"}],"version-history":[{"count":6,"href":"https:\/\/cartruck.com.tr\/index.php\/wp-json\/wp\/v2\/pages\/319\/revisions"}],"predecessor-version":[{"id":2063,"href":"https:\/\/cartruck.com.tr\/index.php\/wp-json\/wp\/v2\/pages\/319\/revisions\/2063"}],"wp:attachment":[{"href":"https:\/\/cartruck.com.tr\/index.php\/wp-json\/wp\/v2\/media?parent=319"}],"curies":[{"name":"wp","href":"https:\/\/api.w.org\/{rel}","templated":true}]}}