{"id":161,"date":"2020-02-17T14:59:59","date_gmt":"2020-02-17T11:59:59","guid":{"rendered":"http:\/\/bizix.premiumthemes.in\/?page_id=161"},"modified":"2023-08-11T18:30:44","modified_gmt":"2023-08-11T15:30:44","slug":"hakkimizda","status":"publish","type":"page","link":"https:\/\/cartruck.com.tr\/index.php\/hakkimizda\/","title":{"rendered":"Hakk\u0131m\u0131zda"},"content":{"rendered":"\t\t<div data-elementor-type=\"wp-page\" data-elementor-id=\"161\" class=\"elementor elementor-161\">\n\t\t\t\t\t\t\t\t\t<section class=\"elementor-section elementor-top-section elementor-element elementor-element-31e82332 elementor-section-stretched elementor-section-boxed elementor-section-height-default elementor-section-height-default\" data-id=\"31e82332\" data-element_type=\"section\" data-settings=\"{&quot;stretch_section&quot;:&quot;section-stretched&quot;,&quot;background_background&quot;:&quot;classic&quot;}\">\n\t\t\t\t\t\t\t<div class=\"elementor-background-overlay\"><\/div>\n\t\t\t\t\t\t\t<div class=\"elementor-container elementor-column-gap-no\">\n\t\t\t\t\t<div class=\"elementor-column elementor-col-100 elementor-top-column elementor-element elementor-element-798f6e0f\" data-id=\"798f6e0f\" data-element_type=\"column\">\n\t\t\t<div class=\"elementor-widget-wrap elementor-element-populated\">\n\t\t\t\t\t\t\t\t<section class=\"elementor-section elementor-inner-section elementor-element elementor-element-1ac58d8e elementor-section-boxed elementor-section-height-default elementor-section-height-default\" data-id=\"1ac58d8e\" data-element_type=\"section\">\n\t\t\t\t\t\t<div class=\"elementor-container elementor-column-gap-no\">\n\t\t\t\t\t<div class=\"elementor-column elementor-col-50 elementor-inner-column elementor-element elementor-element-79e1b852\" data-id=\"79e1b852\" data-element_type=\"column\">\n\t\t\t<div class=\"elementor-widget-wrap elementor-element-populated\">\n\t\t\t\t\t\t\t\t<div class=\"elementor-element elementor-element-172b71bb gyan-title-st-line-after gyan-title-desc-left elementor-widget elementor-widget-gyan_title\" data-id=\"172b71bb\" data-element_type=\"widget\" data-widget_type=\"gyan_title.default\">\n\t\t\t\t<div class=\"elementor-widget-container\">\n\t\t\t\t\t<div class=\"gyan-title\">\r\n\t\t\t<div class=\"gyan-title-subtitle\"><span>Car Truck Oto Bili\u015fim Sistemleri<\/span><\/div><div class=\"gyan-title-desc\">Car truck firmas\u0131, Hatay Antakya\u2019da bulunan a\u011f\u0131r vas\u0131ta ve otomobil ar\u0131za tespit sistemleri satan bir firmad\u0131r. Firmam\u0131z, ara\u00e7lar\u0131n performans\u0131n\u0131, g\u00fcvenli\u011fini ve verimlili\u011fini art\u0131rmak i\u00e7in en son teknolojiye sahip cihazlar ve yaz\u0131l\u0131mlar sunmaktad\u0131r. Firmam\u0131z\u0131n misyonu, m\u00fc\u015fterilerimize kaliteli, h\u0131zl\u0131 ve ekonomik hizmet vermek, sekt\u00f6rdeki yenilikleri takip etmek ve ara\u00e7 sahiplerinin ihtiya\u00e7lar\u0131n\u0131 kar\u015f\u0131lamakt\u0131r. Firmam\u0131z\u0131n vizyonu ise, T\u00fcrkiye\u2019nin \u00f6nde gelen a\u011f\u0131r vas\u0131ta ve otomobil ar\u0131za tespit sistemleri sat\u0131c\u0131s\u0131 olmak, m\u00fc\u015fteri memnuniyetini en \u00fcst seviyeye \u00e7\u0131karmak ve \u00e7evreye duyarl\u0131 bir firma olarak faaliyet g\u00f6stermektir.<\/div>\t\t<\/div>\r\n\t\t\t\t<\/div>\n\t\t\t\t<\/div>\n\t\t\t\t<div class=\"elementor-element elementor-element-12d5aa2f elementor-widget elementor-widget-heading\" data-id=\"12d5aa2f\" data-element_type=\"widget\" data-widget_type=\"heading.default\">\n\t\t\t\t<div class=\"elementor-widget-container\">\n\t\t\t<style>\/*! elementor - v3.15.0 - 09-08-2023 *\/\n.elementor-heading-title{padding:0;margin:0;line-height:1}.elementor-widget-heading .elementor-heading-title[class*=elementor-size-]>a{color:inherit;font-size:inherit;line-height:inherit}.elementor-widget-heading .elementor-heading-title.elementor-size-small{font-size:15px}.elementor-widget-heading .elementor-heading-title.elementor-size-medium{font-size:19px}.elementor-widget-heading .elementor-heading-title.elementor-size-large{font-size:29px}.elementor-widget-heading .elementor-heading-title.elementor-size-xl{font-size:39px}.elementor-widget-heading .elementor-heading-title.elementor-size-xxl{font-size:59px}<\/style><h2 class=\"elementor-heading-title elementor-size-default\">Firmam\u0131z\u0131n sundu\u011fu ar\u0131za tespit sistemleri aras\u0131nda \u015funlar bulunmaktad\u0131r:<\/h2>\t\t<\/div>\n\t\t\t\t<\/div>\n\t\t\t\t<div class=\"elementor-element elementor-element-34540a16 elementor-widget elementor-widget-text-editor\" data-id=\"34540a16\" data-element_type=\"widget\" data-widget_type=\"text-editor.default\">\n\t\t\t\t<div class=\"elementor-widget-container\">\n\t\t\t<style>\/*! elementor - v3.15.0 - 09-08-2023 *\/\n.elementor-widget-text-editor.elementor-drop-cap-view-stacked .elementor-drop-cap{background-color:#69727d;color:#fff}.elementor-widget-text-editor.elementor-drop-cap-view-framed .elementor-drop-cap{color:#69727d;border:3px solid;background-color:transparent}.elementor-widget-text-editor:not(.elementor-drop-cap-view-default) .elementor-drop-cap{margin-top:8px}.elementor-widget-text-editor:not(.elementor-drop-cap-view-default) .elementor-drop-cap-letter{width:1em;height:1em}.elementor-widget-text-editor .elementor-drop-cap{float:left;text-align:center;line-height:1;font-size:50px}.elementor-widget-text-editor .elementor-drop-cap-letter{display:inline-block}<\/style>\t\t\t\t<ul><li><strong>OBD2 Ar\u0131za Tespit Cihaz\u0131<\/strong>: Bu cihaz, otomobillerin motor y\u00f6netim sistemindeki ar\u0131zalar\u0131 okuyan ve silen bir cihazd\u0131r. Ayr\u0131ca arac\u0131n canl\u0131 verilerini g\u00f6sterir, emisyon testi yapar ve servis \u0131\u015f\u0131\u011f\u0131n\u0131 s\u00f6nd\u00fcr\u00fcr.<\/li><li><strong>A\u011f\u0131r Vas\u0131ta Ar\u0131za Tespit Cihaz\u0131<\/strong>: Bu cihaz, kamyon, otob\u00fcs, i\u015f makinesi gibi a\u011f\u0131r vas\u0131talar\u0131n motor, fren, \u015fanz\u0131man, s\u00fcspansiyon gibi sistemlerindeki ar\u0131zalar\u0131 okuyan ve silen bir cihazd\u0131r. Ayr\u0131ca arac\u0131n canl\u0131 verilerini g\u00f6sterir, kodlama yapar ve servis \u0131\u015f\u0131\u011f\u0131n\u0131 s\u00f6nd\u00fcr\u00fcr.<\/li><li><strong>Otomobil Ar\u0131za Tespit Yaz\u0131l\u0131m\u0131<\/strong>: Bu yaz\u0131l\u0131m, bilgisayar veya ak\u0131ll\u0131 telefon ile otomobillerin ar\u0131za tespit cihaz\u0131na ba\u011flanarak ara\u00e7lar\u0131n ar\u0131zalar\u0131n\u0131 okuyan ve silen bir yaz\u0131l\u0131md\u0131r. Ayr\u0131ca arac\u0131n canl\u0131 verilerini g\u00f6sterir, grafik \u00e7izer ve rapor olu\u015fturur.<\/li><li><strong>A\u011f\u0131r Vas\u0131ta Ar\u0131za Tespit Yaz\u0131l\u0131m\u0131<\/strong>: Bu yaz\u0131l\u0131m, bilgisayar veya ak\u0131ll\u0131 telefon ile a\u011f\u0131r vas\u0131talar\u0131n ar\u0131za tespit cihaz\u0131na ba\u011flanarak ara\u00e7lar\u0131n ar\u0131zalar\u0131n\u0131 okuyan ve silen bir yaz\u0131l\u0131md\u0131r. Ayr\u0131ca arac\u0131n canl\u0131 verilerini g\u00f6sterir, grafik \u00e7izer ve rapor olu\u015fturur.<\/li><\/ul><p>Firmam\u0131z\u0131n web sitesini ziyaret ederek daha fazla bilgi alabilirsiniz. Bizi tercih etti\u011finiz i\u00e7in te\u015fekk\u00fcr ederiz. \ud83d\ude0a<\/p>\t\t\t\t\t\t<\/div>\n\t\t\t\t<\/div>\n\t\t\t\t\t<\/div>\n\t\t<\/div>\n\t\t\t\t<div class=\"elementor-column elementor-col-50 elementor-inner-column elementor-element elementor-element-4803081c\" data-id=\"4803081c\" data-element_type=\"column\">\n\t\t\t<div class=\"elementor-widget-wrap elementor-element-populated\">\n\t\t\t\t\t\t\t\t<div class=\"elementor-element elementor-element-1ff6e9a7 elementor-widget elementor-widget-image\" data-id=\"1ff6e9a7\" data-element_type=\"widget\" data-widget_type=\"image.default\">\n\t\t\t\t<div class=\"elementor-widget-container\">\n\t\t\t<style>\/*! elementor - v3.15.0 - 09-08-2023 *\/\n.elementor-widget-image{text-align:center}.elementor-widget-image a{display:inline-block}.elementor-widget-image a img[src$=\".svg\"]{width:48px}.elementor-widget-image img{vertical-align:middle;display:inline-block}<\/style>\t\t\t\t\t\t\t\t\t\t\t\t<img decoding=\"async\" loading=\"lazy\" width=\"707\" height=\"819\" src=\"https:\/\/cartruck.com.tr\/wp-content\/uploads\/2023\/08\/Adsiz-tasarim-12.png\" class=\"attachment-full size-full wp-image-1997\" alt=\"\" srcset=\"https:\/\/cartruck.com.tr\/wp-content\/uploads\/2023\/08\/Adsiz-tasarim-12.png 707w, https:\/\/cartruck.com.tr\/wp-content\/uploads\/2023\/08\/Adsiz-tasarim-12-259x300.png 259w\" sizes=\"(max-width: 707px) 100vw, 707px\" \/>\t\t\t\t\t\t\t\t\t\t\t\t\t\t\t<\/div>\n\t\t\t\t<\/div>\n\t\t\t\t\t<\/div>\n\t\t<\/div>\n\t\t\t\t\t\t\t<\/div>\n\t\t<\/section>\n\t\t\t\t\t<\/div>\n\t\t<\/div>\n\t\t\t\t\t\t\t<\/div>\n\t\t<\/section>\n\t\t\t\t\t\t\t<\/div>\n\t\t","protected":false},"excerpt":{"rendered":"<p>Car Truck Oto Bili\u015fim SistemleriCar truck firmas\u0131, Hatay Antakya\u2019da bulunan a\u011f\u0131r vas\u0131ta ve otomobil ar\u0131za tespit sistemleri satan bir firmad\u0131r. Firmam\u0131z, ara\u00e7lar\u0131n performans\u0131n\u0131, g\u00fcvenli\u011fini ve verimlili\u011fini art\u0131rmak i\u00e7in en son teknolojiye sahip cihazlar ve yaz\u0131l\u0131mlar sunmaktad\u0131r. Firmam\u0131z\u0131n misyonu, m\u00fc\u015fterilerimize kaliteli, h\u0131zl\u0131 ve ekonomik hizmet vermek, sekt\u00f6rdeki yenilikleri takip etmek ve [&hellip;]<\/p>\n","protected":false},"author":1,"featured_media":0,"parent":0,"menu_order":0,"comment_status":"closed","ping_status":"closed","template":"elementor_header_footer","meta":{"footnotes":""},"_links":{"self":[{"href":"https:\/\/cartruck.com.tr\/index.php\/wp-json\/wp\/v2\/pages\/161"}],"collection":[{"href":"https:\/\/cartruck.com.tr\/index.php\/wp-json\/wp\/v2\/pages"}],"about":[{"href":"https:\/\/cartruck.com.tr\/index.php\/wp-json\/wp\/v2\/types\/page"}],"author":[{"embeddable":true,"href":"https:\/\/cartruck.com.tr\/index.php\/wp-json\/wp\/v2\/users\/1"}],"replies":[{"embeddable":true,"href":"https:\/\/cartruck.com.tr\/index.php\/wp-json\/wp\/v2\/comments?post=161"}],"version-history":[{"count":6,"href":"https:\/\/cartruck.com.tr\/index.php\/wp-json\/wp\/v2\/pages\/161\/revisions"}],"predecessor-version":[{"id":2019,"href":"https:\/\/cartruck.com.tr\/index.php\/wp-json\/wp\/v2\/pages\/161\/revisions\/2019"}],"wp:attachment":[{"href":"https:\/\/cartruck.com.tr\/index.php\/wp-json\/wp\/v2\/media?parent=161"}],"curies":[{"name":"wp","href":"https:\/\/api.w.org\/{rel}","templated":true}]}}